{"id":107,"date":"2014-06-03T20:43:15","date_gmt":"2014-06-03T20:43:15","guid":{"rendered":"http:\/\/ejdertrop.de\/?page_id=107"},"modified":"2018-01-04T21:01:22","modified_gmt":"2018-01-04T21:01:22","slug":"om-de-danske-spejderkorps","status":"publish","type":"page","link":"https:\/\/ejdergruppe.de\/?page_id=107","title":{"rendered":"Om det danske Spejderkorps"},"content":{"rendered":"<p style=\"text-align: left;\"><img decoding=\"async\" loading=\"lazy\" class=\"size-full wp-image-1135 aligncenter\" src=\"http:\/\/ejdergruppe.de\/wp-content\/uploads\/2018\/01\/FB_IMG_1500853120730.jpg\" alt=\"\" width=\"720\" height=\"479\" srcset=\"https:\/\/ejdergruppe.de\/wp-content\/uploads\/2018\/01\/FB_IMG_1500853120730.jpg 720w, https:\/\/ejdergruppe.de\/wp-content\/uploads\/2018\/01\/FB_IMG_1500853120730-300x200.jpg 300w\" sizes=\"(max-width: 720px) 100vw, 720px\" \/><\/p>\n<div class=\"page\" title=\"Page 2\">\n<div class=\"layoutArea\">\n<div class=\"column\">\n<p>Vi er ca. 680 spejdere i alderen 6 a\u030ar og opefter, der har lyst til at virkelig- g\u00f8re Baden Powells ideer pa\u030a dansk mane\u0301r.Ba\u030ade drenge og piger er organiserede i flokke, troppe og klaner lige som i Danmark.<\/p>\n<p>Ture og lejre er h\u00f8jdepunkter i vores spejderhverdag. Hvert 4. a\u030ar arrangerer korpset en jamborette pa\u030a Tydal. I st\u00f8rre internationale lejre er vi sammen med de andre spejderkorps i Danmark.<\/p>\n<p>Dansk Spejderkorps Sydslesvig (DSS) er internationalt anerkendt. De internationale kontakter forega\u030ar gennem f\u00e6llesra\u030adene i Danmark.<\/p>\n<\/div>\n<\/div>\n<\/div>\n<p style=\"text-align: left;\">I dag findes der fem anerkendte danske spejderkorps:<\/p>\n<ul style=\"text-align: left;\">\n<li>Det Danske Spejderkorps,<\/li>\n<li>KFUM-Spejderne,<\/li>\n<li>De gr\u00f8nne pigespejdere,<\/li>\n<li>Danske Baptisters Spejderkorps og<\/li>\n<li>Dansk Spejderkorps Sydslesvig.<\/li>\n<\/ul>\n<p style=\"text-align: left;\">De gr\u00f8nne pigespejdere er det eneste korps, som officielt udelukkende best\u00e5r piger,mens resten har medlemmer af begge k\u00f8n.<\/p>\n<p style=\"text-align: left;\">Korpsene er ligeledes medlem WAGGGS og\/eller WOSM.<\/p>\n<p><img decoding=\"async\" loading=\"lazy\" class=\"alignnone wp-image-108\" src=\"http:\/\/ejdertrop.de\/wp-content\/uploads\/2014\/06\/Spejderkorps-300x69.png\" alt=\"Spejderkorps\" width=\"269\" height=\"61\"><\/p>\n","protected":false},"excerpt":{"rendered":"<p>Vi er ca. 680 spejdere i alderen 6 a\u030ar og opefter, der har lyst til at virkelig- g\u00f8re Baden Powells ideer pa\u030a dansk mane\u0301r.Ba\u030ade drenge og piger er organiserede i flokke, troppe og klaner lige som i Danmark. Ture og lejre er h\u00f8jdepunkter i vores spejderhverdag. Hvert 4. a\u030ar arrangerer korpset en jamborette pa\u030a Tydal. I st\u00f8rre internationale lejre er vi sammen med de andre spejderkorps i Danmark. Dansk Spejderkorps Sydslesvig (DSS) er internationalt anerkendt. De internationale kontakter forega\u030ar gennem&#8230;<\/p>\n<p class=\"read-more\"><a class=\"btn btn-default\" href=\"https:\/\/ejdergruppe.de\/?page_id=107\">Weiterlesen<span class=\"screen-reader-text\"> Weiterlesen<\/span><\/a><\/p>\n","protected":false},"author":1,"featured_media":0,"parent":0,"menu_order":0,"comment_status":"closed","ping_status":"closed","template":"","meta":{"footnotes":""},"_links":{"self":[{"href":"https:\/\/ejdergruppe.de\/index.php?rest_route=\/wp\/v2\/pages\/107"}],"collection":[{"href":"https:\/\/ejdergruppe.de\/index.php?rest_route=\/wp\/v2\/pages"}],"about":[{"href":"https:\/\/ejdergruppe.de\/index.php?rest_route=\/wp\/v2\/types\/page"}],"author":[{"embeddable":true,"href":"https:\/\/ejdergruppe.de\/index.php?rest_route=\/wp\/v2\/users\/1"}],"replies":[{"embeddable":true,"href":"https:\/\/ejdergruppe.de\/index.php?rest_route=%2Fwp%2Fv2%2Fcomments&post=107"}],"version-history":[{"count":11,"href":"https:\/\/ejdergruppe.de\/index.php?rest_route=\/wp\/v2\/pages\/107\/revisions"}],"predecessor-version":[{"id":1287,"href":"https:\/\/ejdergruppe.de\/index.php?rest_route=\/wp\/v2\/pages\/107\/revisions\/1287"}],"wp:attachment":[{"href":"https:\/\/ejdergruppe.de\/index.php?rest_route=%2Fwp%2Fv2%2Fmedia&parent=107"}],"curies":[{"name":"wp","href":"https:\/\/api.w.org\/{rel}","templated":true}]}}