{"id":59,"date":"2014-06-03T18:10:35","date_gmt":"2014-06-03T18:10:35","guid":{"rendered":"http:\/\/ejdertrop.de\/?page_id=59"},"modified":"2018-01-04T18:50:41","modified_gmt":"2018-01-04T18:50:41","slug":"ueber-uns","status":"publish","type":"page","link":"https:\/\/ejdergruppe.de\/?page_id=59","title":{"rendered":"hvordan det startede"},"content":{"rendered":"<p>I starten af 2014 kom fire s\u00f8de mennesker fra Sydslesvig op til ideen om at bringe ejdergruppen, som havde sovet i 8 \u00e5r, tilbage til livet.<\/p>\n<p>B\u00e6ret af stor begejstring pr\u00e6senterede Lars Martens, S\u00f6nke Schr\u00f6der, Lars Rathje-Juhl og Tina Wohlgehagen sig f\u00f8rste gang p\u00e5 \u00c5rsm\u00f8de 2014 med intet og alligevel havde de i sluttningen af dagen mere en 40 b\u00f8rn p\u00e5 deres interesseliste som gerne vil v\u00e6re med som spejder i ejdergruppen.<\/p>\n<p>Men der var stadig meget at planl\u00e6gge, og det f\u00f8rste virkelige m\u00f8de fandt s\u00e5 sted efter efter\u00e5rsferien p\u00e5 ejderskolens idr\u00e6tsplads med ca. 25 b\u00f8rn.<\/p>\n<p><img decoding=\"async\" loading=\"lazy\" class=\"aligncenter wp-image-1137 size-large\" src=\"http:\/\/ejdergruppe.de\/wp-content\/uploads\/2018\/01\/DSC02244-1024x768.jpg\" alt=\"\" width=\"640\" height=\"480\" srcset=\"https:\/\/ejdergruppe.de\/wp-content\/uploads\/2018\/01\/DSC02244-1024x768.jpg 1024w, https:\/\/ejdergruppe.de\/wp-content\/uploads\/2018\/01\/DSC02244-300x225.jpg 300w, https:\/\/ejdergruppe.de\/wp-content\/uploads\/2018\/01\/DSC02244-768x576.jpg 768w\" sizes=\"(max-width: 640px) 100vw, 640px\" \/><\/p>\n<p>Nu efter 4 \u00e5r er vi 23 flok, 5 tropspejder og tre leder. Ejdergruppen har en egen flot spejderplads med en lille hytte og alt hvad en spejder har brug for.<\/p>\n<p>&nbsp;<\/p>\n<p>&nbsp;<\/p>\n<p>&nbsp;<\/p>\n","protected":false},"excerpt":{"rendered":"<p>I starten af 2014 kom fire s\u00f8de mennesker fra Sydslesvig op til ideen om at bringe ejdergruppen, som havde sovet i 8 \u00e5r, tilbage til livet. B\u00e6ret af stor begejstring pr\u00e6senterede Lars Martens, S\u00f6nke Schr\u00f6der, Lars Rathje-Juhl og Tina Wohlgehagen sig f\u00f8rste gang p\u00e5 \u00c5rsm\u00f8de 2014 med intet og alligevel havde de i sluttningen af dagen mere en 40 b\u00f8rn p\u00e5 deres interesseliste som gerne vil v\u00e6re med som spejder i ejdergruppen. Men der var stadig meget at planl\u00e6gge, og&#8230;<\/p>\n<p class=\"read-more\"><a class=\"btn btn-default\" href=\"https:\/\/ejdergruppe.de\/?page_id=59\">Weiterlesen<span class=\"screen-reader-text\"> Weiterlesen<\/span><\/a><\/p>\n","protected":false},"author":1,"featured_media":0,"parent":0,"menu_order":0,"comment_status":"closed","ping_status":"closed","template":"","meta":{"footnotes":""},"_links":{"self":[{"href":"https:\/\/ejdergruppe.de\/index.php?rest_route=\/wp\/v2\/pages\/59"}],"collection":[{"href":"https:\/\/ejdergruppe.de\/index.php?rest_route=\/wp\/v2\/pages"}],"about":[{"href":"https:\/\/ejdergruppe.de\/index.php?rest_route=\/wp\/v2\/types\/page"}],"author":[{"embeddable":true,"href":"https:\/\/ejdergruppe.de\/index.php?rest_route=\/wp\/v2\/users\/1"}],"replies":[{"embeddable":true,"href":"https:\/\/ejdergruppe.de\/index.php?rest_route=%2Fwp%2Fv2%2Fcomments&post=59"}],"version-history":[{"count":19,"href":"https:\/\/ejdergruppe.de\/index.php?rest_route=\/wp\/v2\/pages\/59\/revisions"}],"predecessor-version":[{"id":1221,"href":"https:\/\/ejdergruppe.de\/index.php?rest_route=\/wp\/v2\/pages\/59\/revisions\/1221"}],"wp:attachment":[{"href":"https:\/\/ejdergruppe.de\/index.php?rest_route=%2Fwp%2Fv2%2Fmedia&parent=59"}],"curies":[{"name":"wp","href":"https:\/\/api.w.org\/{rel}","templated":true}]}}